{"id":7,"date":"2026-01-06T15:13:01","date_gmt":"2026-01-06T14:13:01","guid":{"rendered":"http:\/\/studniepituch.pl\/?page_id=7"},"modified":"2026-03-27T12:14:31","modified_gmt":"2026-03-27T11:14:31","slug":"wiercenie-studni-glebinowych","status":"publish","type":"page","link":"https:\/\/studniepituch.pl\/","title":{"rendered":"STUDNIE G\u0141\u0118BINOWE"},"content":{"rendered":"\n<figure class=\"wp-block-gallery alignleft has-nested-images columns-default is-cropped wp-block-gallery-1 is-layout-flex wp-block-gallery-is-layout-flex\">\n<figure class=\"wp-block-image size-large\"><img loading=\"lazy\" decoding=\"async\" width=\"1024\" height=\"1024\" data-id=\"46\" src=\"https:\/\/studniepituch.pl\/wp-content\/uploads\/2026\/01\/logo-1024x1024.jpg\" alt=\"\" class=\"wp-image-46\" srcset=\"https:\/\/studniepituch.pl\/wp-content\/uploads\/2026\/01\/logo-1024x1024.jpg 1024w, https:\/\/studniepituch.pl\/wp-content\/uploads\/2026\/01\/logo-300x300.jpg 300w, https:\/\/studniepituch.pl\/wp-content\/uploads\/2026\/01\/logo-150x150.jpg 150w, https:\/\/studniepituch.pl\/wp-content\/uploads\/2026\/01\/logo-768x768.jpg 768w, https:\/\/studniepituch.pl\/wp-content\/uploads\/2026\/01\/logo-1536x1536.jpg 1536w, https:\/\/studniepituch.pl\/wp-content\/uploads\/2026\/01\/logo-2048x2048.jpg 2048w\" sizes=\"auto, (max-width: 1024px) 100vw, 1024px\" \/><\/figure>\n<\/figure>\n\n\n\n<h2 class=\"wp-block-heading\"><strong>Wiercenie studni g\u0142\u0119binowych<\/strong><\/h2>\n\n\n\n<h2 class=\"wp-block-heading alignwide has-text-align-right\" id=\"we-re-a-studio-in-berlin-with-an-international-practice-in-architecture-urban-planning-and-interior-design-we-believe-in-sharing-knowledge-and-promoting-dialogue-to-increase-the-creative-potential-of-collaboration\" style=\"font-size:clamp(27.894px, 1.743rem + ((1vw - 3.2px) * 1.971), 48px);line-height:1.1\"><a href=\"tel:730182341\">730 182 341<\/a><\/h2>\n\n\n\n<p class=\"has-text-align-right has-x-large-font-size\"><sub>woj. pomorskie<\/sub><\/p>\n\n\n\n<div class=\"wp-block-group alignfull is-content-justification-right is-nowrap is-layout-flex wp-container-core-group-is-layout-c8536134 wp-block-group-is-layout-flex\">\n<div class=\"wp-block-group has-global-padding is-layout-constrained wp-block-group-is-layout-constrained\">\n<div class=\"wp-block-columns is-layout-flex wp-container-core-columns-is-layout-28f84493 wp-block-columns-is-layout-flex\">\n<div class=\"wp-block-column is-layout-flow wp-block-column-is-layout-flow\" style=\"flex-basis:100%\"><\/div>\n<\/div>\n<\/div>\n\n\n\n<figure class=\"wp-block-gallery has-nested-images columns-default is-cropped wp-block-gallery-2 is-layout-flex wp-block-gallery-is-layout-flex\">\n<figure class=\"wp-block-image aligncenter size-full is-style-rounded\"><img loading=\"lazy\" decoding=\"async\" width=\"736\" height=\"716\" data-id=\"101\" src=\"http:\/\/studniepituch.pl\/wp-content\/uploads\/2026\/01\/pobrane-1.jpg\" alt=\"\" class=\"wp-image-101\" srcset=\"https:\/\/studniepituch.pl\/wp-content\/uploads\/2026\/01\/pobrane-1.jpg 736w, https:\/\/studniepituch.pl\/wp-content\/uploads\/2026\/01\/pobrane-1-300x292.jpg 300w\" sizes=\"auto, (max-width: 736px) 100vw, 736px\" \/><\/figure>\n<\/figure>\n<\/div>\n\n\n\n<div class=\"wp-block-cover alignfull is-light has-custom-content-position is-position-bottom-center\" style=\"margin-top:0;margin-bottom:0;padding-top:var(--wp--preset--spacing--50);padding-right:var(--wp--preset--spacing--50);padding-bottom:var(--wp--preset--spacing--50);padding-left:var(--wp--preset--spacing--50);min-height:1149px;aspect-ratio:unset;\"><img loading=\"lazy\" decoding=\"async\" width=\"1001\" height=\"667\" class=\"wp-block-cover__image-background wp-image-68 size-full\" alt=\"\" src=\"https:\/\/studniepituch.pl\/wp-content\/uploads\/2026\/01\/IMG_9008-1.jpg\" data-object-fit=\"cover\" srcset=\"https:\/\/studniepituch.pl\/wp-content\/uploads\/2026\/01\/IMG_9008-1.jpg 1001w, https:\/\/studniepituch.pl\/wp-content\/uploads\/2026\/01\/IMG_9008-1-300x200.jpg 300w, https:\/\/studniepituch.pl\/wp-content\/uploads\/2026\/01\/IMG_9008-1-768x512.jpg 768w\" sizes=\"auto, (max-width: 1001px) 100vw, 1001px\" \/><span aria-hidden=\"true\" class=\"wp-block-cover__background has-background-dim-10 has-background-dim\" style=\"background-color:#dfedfa\"><\/span><div class=\"wp-block-cover__inner-container has-global-padding is-layout-constrained wp-container-core-cover-is-layout-d89aad35 wp-block-cover-is-layout-constrained\">\n<div class=\"wp-block-group alignwide has-global-padding is-content-justification-left is-layout-constrained wp-container-core-group-is-layout-12dd3699 wp-block-group-is-layout-constrained\">\n<p>Wiercimy studnie g\u0142\u0119binowe dla dom\u00f3w i gospodarstw.<\/p>\n\n\n\n<p>Jeste\u015bmy rodzinn\u0105 Firm\u0105, dzia\u0142amy solidnie i terminowo. Wyr\u00f3\u017cnia nas profesjonalizm, terminowo\u015b\u0107 i skuteczno\u015b\u0107.<\/p>\n\n\n\n<p>Wiemy, ile znaczy woda!<\/p>\n\n\n\n<h1 class=\"wp-block-heading has-xx-large-font-size has-medium-font-size\">W\u0142asna woda?<\/h1>\n\n\n\n<p>Woda z w\u0142asnej studni to oszcz\u0119dno\u015b\u0107, niezale\u017cno\u015b\u0107 i komfort na lata.<\/p>\n\n\n\n<p>Coraz wi\u0119cej os\u00f3b decyduje si\u0119 na korzystanie z mo\u017cliwo\u015bci posiadania w\u0142asnego uj\u0119cia wody, co potwierdza, \u017ce dla wielu Polak\u00f3w niezale\u017cno\u015b\u0107 w zakresie op\u0142at za podstawowe media jest priorytetem. Korzystne po\u0142o\u017cenie naszego regionu i jego bogatych zasob\u00f3w podziemnych sprzyja nieustannemu rozwijaniu si\u0119 rynku studni. Korzystaj\u0105c z najlepszych technologii zapewniamy komfort u\u017cytkowania na lata.<\/p>\n\n\n\n<div class=\"wp-block-buttons is-layout-flex wp-block-buttons-is-layout-flex\">\n<div class=\"wp-block-button\"><a class=\"wp-block-button__link wp-element-button\">Dowiedz si\u0119 wi\u0119cej<\/a><\/div>\n<\/div>\n<\/div>\n<\/div><\/div>\n\n\n\n<div class=\"wp-block-group alignfull has-global-padding is-layout-constrained wp-block-group-is-layout-constrained\">\n<div class=\"wp-block-group alignfull has-global-padding is-content-justification-right is-layout-constrained wp-container-core-group-is-layout-3afb25b4 wp-block-group-is-layout-constrained\" style=\"margin-top:0;margin-bottom:0\">\n<div class=\"wp-block-group alignwide is-layout-flow wp-container-core-group-is-layout-d58a0413 wp-block-group-is-layout-flow\" style=\"padding-top:var(--wp--preset--spacing--50);padding-bottom:var(--wp--preset--spacing--50)\">\n<h2 class=\"wp-block-heading has-x-large-font-size\">Cz\u0119sto zadawane pytania<\/h2>\n\n\n\n<div class=\"wp-block-columns is-layout-flex wp-container-core-columns-is-layout-cbe57604 wp-block-columns-is-layout-flex\">\n<div class=\"wp-block-column is-layout-flow wp-block-column-is-layout-flow\">\n<div class=\"wp-block-group is-layout-flow wp-block-group-is-layout-flow\" style=\"border-top-color:var(--wp--preset--color--accent-6);border-top-width:1px;padding-top:var(--wp--preset--spacing--30);padding-bottom:var(--wp--preset--spacing--30)\">\n<h3 class=\"wp-block-heading\"><strong>Chcia\u0142bym studnie &#8211; co dalej?  Krok po kroku.<\/strong><\/h3>\n\n\n\n<p>Kontakt &gt; ustalenie miejsca i potrzeb &gt; wiercenie &gt; pompowanie i oczyszczanie studni<\/p>\n\n\n\n<p>Ca\u0142o\u015b\u0107 trwa zwykle 1-2 dni<\/p>\n<\/div>\n\n\n\n<p><strong>Co z jako\u015bci\u0105 wody?<\/strong><\/p>\n\n\n\n<p>Najcz\u0119\u015bciej jest dobra, ale zawsze zaleca si\u0119 badanie wody po wykonaniu studni. Jako\u015b\u0107 wody zale\u017cy od warstwy wodono\u015bnej, nie od samego wiercenia. Po badaniu wiadomo dok\u0142adnie, czy i jakie filtry s\u0105 potrzebne. <\/p>\n\n\n\n<div class=\"wp-block-columns is-layout-flex wp-container-core-columns-is-layout-28f84493 wp-block-columns-is-layout-flex\">\n<div class=\"wp-block-column is-layout-flow wp-block-column-is-layout-flow\"><\/div>\n<\/div>\n<\/div>\n\n\n\n<div class=\"wp-block-column is-layout-flow wp-block-column-is-layout-flow\">\n<div class=\"wp-block-group is-layout-flow wp-block-group-is-layout-flow\" style=\"border-top-color:var(--wp--preset--color--accent-6);border-top-width:1px;padding-top:var(--wp--preset--spacing--30);padding-bottom:var(--wp--preset--spacing--30)\">\n<h3 class=\"wp-block-heading\"><strong>Ile kosztuje wiercenie studni?<\/strong><\/h3>\n\n\n\n<p>Rura fi 110 &#8211;<strong>250 z\u0142 mb<\/strong><\/p>\n\n\n\n<p>Rura fi 125 &#8211; 280 z\u0142 mb<\/p>\n\n\n\n<p>W cenie wykonania studni g\u0142\u0119binowej zawarte s\u0105:<\/p>\n\n\n\n<ul class=\"wp-block-list\">\n<li>rury z atestem wykonane z wysokiej jako\u015bci materia\u0142\u00f3w, dopuszczonych do kontaktu z wod\u0105 pitn\u0105<\/li>\n\n\n\n<li>filtr szczelinowy z siatk\u0105 zapewniaj\u0105cy odpowiedni\u0105 filtracj\u0119 i czysto\u015b\u0107 pobieranej wody <\/li>\n\n\n\n<li>obsypka filtracyjna (\u017cwir p\u0142ukany &#8211; otoczak)<\/li>\n\n\n\n<li>denko zabezpieczaj\u0105ce dno kolumny studziennej <\/li>\n<\/ul>\n\n\n\n<p><strong>Cena zale\u017cy od:<\/strong><\/p>\n\n\n\n<ul class=\"wp-block-list\">\n<li>g\u0142\u0119boko\u015bci <\/li>\n\n\n\n<li>\u015brednicy studni <\/li>\n\n\n\n<li>zakresu prac                                                                                                          <\/li>\n<\/ul>\n<\/div>\n\n\n\n<figure class=\"wp-block-image aligncenter size-large is-resized\"><img loading=\"lazy\" decoding=\"async\" width=\"540\" height=\"960\" src=\"https:\/\/studniepituch.pl\/wp-content\/uploads\/2026\/01\/Question-Mark-iphone-6-plus.jpg\" alt=\"\" class=\"wp-image-105\" style=\"aspect-ratio:0.562505734050166;width:107px;height:auto\" srcset=\"https:\/\/studniepituch.pl\/wp-content\/uploads\/2026\/01\/Question-Mark-iphone-6-plus.jpg 540w, https:\/\/studniepituch.pl\/wp-content\/uploads\/2026\/01\/Question-Mark-iphone-6-plus-169x300.jpg 169w\" sizes=\"auto, (max-width: 540px) 100vw, 540px\" \/><\/figure>\n<\/div>\n<\/div>\n\n\n\n<div class=\"wp-block-columns is-layout-flex wp-container-core-columns-is-layout-28f84493 wp-block-columns-is-layout-flex\">\n<div class=\"wp-block-column is-layout-flow wp-block-column-is-layout-flow\">\n<div class=\"wp-block-columns is-layout-flex wp-container-core-columns-is-layout-28f84493 wp-block-columns-is-layout-flex\">\n<div class=\"wp-block-column is-layout-flow wp-block-column-is-layout-flow\">\n<p><strong>Czy zawsze znajdzie si\u0119 woda?<\/strong><\/p>\n\n\n\n<p><strong>W zdecydowanej wi\u0119kszo\u015bci TAK<\/strong>. Na podstawie do\u015bwiadczenia, okolicznych studni i analizy terenu wiemy, gdzie i na jakiej mniej wi\u0119cej g\u0142\u0119boko\u015bci szuka\u0107 wody. Je\u015bli pierwsza warstwa oka\u017ce si\u0119 zbyt s\u0142aba, wiercimy g\u0142\u0119biej, a\u017c do stabilnej warstwy wodono\u015bnej. Dlatego wykonanie studni to bezpieczna inwestycja, kt\u00f3ra w praktyce ko\u0144czy si\u0119 dost\u0119pem do w\u0142asnej wody na d\u0142ugie lata.<\/p>\n\n\n\n<p><\/p>\n<\/div>\n<\/div>\n<\/div>\n\n\n\n<div class=\"wp-block-column is-layout-flow wp-block-column-is-layout-flow\">\n<p><strong>Jak g\u0142\u0119boka b\u0119dzie studnia?<\/strong><\/p>\n\n\n\n<p><strong>To zale\u017cy od:<\/strong><\/p>\n\n\n\n<ul class=\"wp-block-list\">\n<li>warunk\u00f3w geologicznych <\/li>\n\n\n\n<li>poziomu warstw wodono\u015bnych w danym terenie<\/li>\n\n\n\n<li>zapotrzebowania na wod\u0119 (dom, ogr\u00f3d, firma).<\/li>\n<\/ul>\n<\/div>\n<\/div>\n\n\n\n<div class=\"wp-block-columns is-layout-flex wp-container-core-columns-is-layout-cbe57604 wp-block-columns-is-layout-flex\">\n<div class=\"wp-block-column is-vertically-aligned-stretch is-layout-flow wp-block-column-is-layout-flow\">\n<h3 class=\"wp-block-heading\"><strong>Czy na studni\u0119 potrzebne jest pozwolenie?<\/strong><\/h3>\n\n\n\n<p>W wi\u0119kszo\u015bci przypadk\u00f3w <strong>nie<\/strong>, je\u015bli studnia:<\/p>\n\n\n\n<ul class=\"wp-block-list\">\n<li>s\u0142u\u017cy do cel\u00f3w prywatnych (dom, ogr\u00f3d),<\/li>\n\n\n\n<li>pob\u00f3r wody nie przekracza  <strong>5 m<sup>3<sub> <\/sub><\/sup>\/dob\u0119<\/strong>,<\/li>\n\n\n\n<li>ma g\u0142\u0119boko\u015b\u0107 do <strong>30 m<\/strong><\/li>\n<\/ul>\n\n\n\n<figure class=\"wp-block-image aligncenter size-full is-resized\"><img loading=\"lazy\" decoding=\"async\" width=\"540\" height=\"960\" src=\"http:\/\/studniepituch.pl\/wp-content\/uploads\/2026\/01\/Question-Mark-iphone-6-plus.jpg\" alt=\"\" class=\"wp-image-105\" style=\"aspect-ratio:0.5625042255425596;width:124px;height:auto\" srcset=\"https:\/\/studniepituch.pl\/wp-content\/uploads\/2026\/01\/Question-Mark-iphone-6-plus.jpg 540w, https:\/\/studniepituch.pl\/wp-content\/uploads\/2026\/01\/Question-Mark-iphone-6-plus-169x300.jpg 169w\" sizes=\"auto, (max-width: 540px) 100vw, 540px\" \/><\/figure>\n<\/div>\n<\/div>\n\n\n\n<p class=\"has-text-align-center\"><strong>DLACZEGO WARTO WYBRA\u0106 NAS?<\/strong><\/p>\n\n\n\n<ul class=\"wp-block-list\">\n<li><strong>ma\u0142a wiertnica na g\u0105sienicach<\/strong> &#8211; dysponujemy kompaktow\u0105 wiertnic\u0105 g\u0105sienicow\u0105, dzi\u0119ki kt\u00f3rej <strong>doje\u017cd\u017camy niemal w ka\u017cde miejsce <\/strong>&#8211; nawet na w\u0105skie zagospodarowane dzia\u0142ki<\/li>\n\n\n\n<li><strong>nowoczesny i zadbany sprz\u0119t <\/strong>&#8211; pracujemy na <strong>nowej wiertnicy<\/strong>, regularnie serwisowanej, <strong>bez wyciek\u00f3w oleju i paliwa<\/strong>. To gwarancja czysto\u015bci, bezpiecze\u0144stwa oraz precyzyjnie wykonanego odwiertu.<\/li>\n\n\n\n<li><strong>kwalifikacje i do\u015bwiadczenie<\/strong> &#8211; posiadamy niezb\u0119dne kwalifikacje i wiedz\u0119 techniczn\u0105 do wykonywania studni g\u0142\u0119binowych. Ka\u017cde zlecenie realizujemy zgodnie z zasadami sztuki wiertniczej i obowi\u0105zuj\u0105cymi przepisami<\/li>\n\n\n\n<li><strong>skuteczno\u015b\u0107 i odpowiedzialno\u015b\u0107<\/strong> &#8211; przed wierceniem analizujemy warunki terenowe oraz do\u015bwiadczenia z okolicznych uj\u0119\u0107, dzi\u0119ki czemu wiercimy tam, gdzie realnie jest woda, a nie na &#8220;\u015blepo&#8221;<\/li>\n\n\n\n<li><strong>konkurencyjne ceny bez utraty jako\u015bci <\/strong>&#8211; oferujemy uczciwe, konkurencyjne ceny, kt\u00f3re nie oznaczaj\u0105 oszcz\u0119dzania na materia\u0142ach ani jako\u015bci wykonania. Stawiamy na trwa\u0142e rozwi\u0105zania na lata<\/li>\n\n\n\n<li><strong>indywidualne podej\u015bcie do klienta<\/strong> &#8211; ka\u017cd\u0105 studni\u0119 dopasowujemy do realnych potrzeb klienta &#8211; zar\u00f3wno pod wzgl\u0119dem g\u0142\u0119boko\u015bci, wydajno\u015bci, jak i przysz\u0142ego uzytkowania<\/li>\n<\/ul>\n<\/div>\n<\/div>\n<\/div>\n\n\n\n<div class=\"wp-block-group alignfull has-global-padding is-layout-constrained wp-container-core-group-is-layout-08655630 wp-block-group-is-layout-constrained\" style=\"margin-top:0;margin-bottom:0;padding-top:var(--wp--preset--spacing--80);padding-bottom:var(--wp--preset--spacing--80)\">\n<figure class=\"wp-block-gallery has-nested-images columns-default is-cropped wp-block-gallery-3 is-layout-flex wp-block-gallery-is-layout-flex\">\n<figure class=\"wp-block-image size-large is-resized is-style-rounded\"><img loading=\"lazy\" decoding=\"async\" width=\"768\" height=\"1024\" data-id=\"116\" src=\"https:\/\/studniepituch.pl\/wp-content\/uploads\/2026\/01\/IMG_0685-768x1024.jpg\" alt=\"\" class=\"wp-image-116\" style=\"width:357px;height:auto\" srcset=\"https:\/\/studniepituch.pl\/wp-content\/uploads\/2026\/01\/IMG_0685-768x1024.jpg 768w, https:\/\/studniepituch.pl\/wp-content\/uploads\/2026\/01\/IMG_0685-225x300.jpg 225w, https:\/\/studniepituch.pl\/wp-content\/uploads\/2026\/01\/IMG_0685-1152x1536.jpg 1152w, https:\/\/studniepituch.pl\/wp-content\/uploads\/2026\/01\/IMG_0685.jpg 1200w\" sizes=\"auto, (max-width: 768px) 100vw, 768px\" \/><\/figure>\n\n\n\n<figure class=\"wp-block-image size-large is-resized is-style-rounded\"><img loading=\"lazy\" decoding=\"async\" width=\"768\" height=\"1024\" data-id=\"113\" src=\"https:\/\/studniepituch.pl\/wp-content\/uploads\/2026\/01\/IMG_0121-768x1024.jpeg\" alt=\"\" class=\"wp-image-113\" style=\"width:377px;height:auto\" srcset=\"https:\/\/studniepituch.pl\/wp-content\/uploads\/2026\/01\/IMG_0121-768x1024.jpeg 768w, https:\/\/studniepituch.pl\/wp-content\/uploads\/2026\/01\/IMG_0121-225x300.jpeg 225w, https:\/\/studniepituch.pl\/wp-content\/uploads\/2026\/01\/IMG_0121-1152x1536.jpeg 1152w, https:\/\/studniepituch.pl\/wp-content\/uploads\/2026\/01\/IMG_0121-1536x2048.jpeg 1536w, https:\/\/studniepituch.pl\/wp-content\/uploads\/2026\/01\/IMG_0121-scaled.jpeg 1920w\" sizes=\"auto, (max-width: 768px) 100vw, 768px\" \/><\/figure>\n<\/figure>\n\n\n\n<div class=\"wp-block-group alignwide is-layout-flow wp-block-group-is-layout-flow\"><\/div>\n<\/div>\n\n\n<div class=\"wp-block-site-logo\"><a href=\"https:\/\/studniepituch.pl\/\" class=\"custom-logo-link\" rel=\"home\"><img loading=\"lazy\" decoding=\"async\" width=\"320\" height=\"320\" src=\"https:\/\/studniepituch.pl\/wp-content\/uploads\/2026\/01\/logo.jpg\" class=\"custom-logo\" alt=\"studniepituch\" srcset=\"https:\/\/studniepituch.pl\/wp-content\/uploads\/2026\/01\/logo.jpg 2500w, https:\/\/studniepituch.pl\/wp-content\/uploads\/2026\/01\/logo-300x300.jpg 300w, https:\/\/studniepituch.pl\/wp-content\/uploads\/2026\/01\/logo-1024x1024.jpg 1024w, https:\/\/studniepituch.pl\/wp-content\/uploads\/2026\/01\/logo-150x150.jpg 150w, https:\/\/studniepituch.pl\/wp-content\/uploads\/2026\/01\/logo-768x768.jpg 768w, https:\/\/studniepituch.pl\/wp-content\/uploads\/2026\/01\/logo-1536x1536.jpg 1536w, https:\/\/studniepituch.pl\/wp-content\/uploads\/2026\/01\/logo-2048x2048.jpg 2048w\" sizes=\"auto, (max-width: 320px) 100vw, 320px\" \/><\/a><\/div>\n\n\n<figure class=\"wp-block-gallery has-nested-images columns-default is-cropped wp-block-gallery-4 is-layout-flex wp-block-gallery-is-layout-flex\">\n<figure class=\"wp-block-image alignright size-full is-style-rounded\"><img loading=\"lazy\" decoding=\"async\" width=\"1024\" height=\"651\" data-id=\"71\" src=\"http:\/\/studniepituch.pl\/wp-content\/uploads\/2026\/01\/e71a4d1016b12d2b7ff5f33be332fed5.jpg\" alt=\"\" class=\"wp-image-71\" srcset=\"https:\/\/studniepituch.pl\/wp-content\/uploads\/2026\/01\/e71a4d1016b12d2b7ff5f33be332fed5.jpg 1024w, https:\/\/studniepituch.pl\/wp-content\/uploads\/2026\/01\/e71a4d1016b12d2b7ff5f33be332fed5-300x191.jpg 300w, https:\/\/studniepituch.pl\/wp-content\/uploads\/2026\/01\/e71a4d1016b12d2b7ff5f33be332fed5-768x488.jpg 768w\" sizes=\"auto, (max-width: 1024px) 100vw, 1024px\" \/><\/figure>\n<\/figure>\n\n\n\n<div class=\"wp-block-group has-global-padding is-layout-constrained wp-block-group-is-layout-constrained\">\n<p><strong>Studnie Pituch<\/strong><\/p>\n\n\n\n<p><strong>Grzmi\u0105ca<\/strong><\/p>\n\n\n\n<p><strong>77-100 Byt\u00f3w<\/strong><\/p>\n\n\n\n<p><strong><a href=\"tel:730182341\">730 182 341<\/a><\/strong><\/p>\n\n\n\n<p><strong><a href=\"mailto:studniepituch@gmail.com\">studniepituch@gmail.com<\/a><\/strong><\/p>\n<\/div>\n\n\n\n<p><\/p>\n","protected":false},"excerpt":{"rendered":"<p>Wiercenie studni g\u0142\u0119binowych 730 182 341 woj. pomorskie Cz\u0119sto zadawane pytania Chcia\u0142bym studnie &#8211; co dalej? Krok po kroku. Kontakt &gt; ustalenie miejsca i potrzeb &gt; wiercenie &gt; pompowanie i oczyszczanie studni Ca\u0142o\u015b\u0107 trwa zwykle 1-2 dni Co z jako\u015bci\u0105 wody? Najcz\u0119\u015bciej jest dobra, ale zawsze zaleca si\u0119 badanie wody po wykonaniu studni. Jako\u015b\u0107 wody [&hellip;]<\/p>\n","protected":false},"author":1,"featured_media":0,"parent":0,"menu_order":0,"comment_status":"closed","ping_status":"closed","template":"","meta":{"footnotes":""},"class_list":["post-7","page","type-page","status-publish","hentry"],"_links":{"self":[{"href":"https:\/\/studniepituch.pl\/index.php?rest_route=\/wp\/v2\/pages\/7","targetHints":{"allow":["GET"]}}],"collection":[{"href":"https:\/\/studniepituch.pl\/index.php?rest_route=\/wp\/v2\/pages"}],"about":[{"href":"https:\/\/studniepituch.pl\/index.php?rest_route=\/wp\/v2\/types\/page"}],"author":[{"embeddable":true,"href":"https:\/\/studniepituch.pl\/index.php?rest_route=\/wp\/v2\/users\/1"}],"replies":[{"embeddable":true,"href":"https:\/\/studniepituch.pl\/index.php?rest_route=%2Fwp%2Fv2%2Fcomments&post=7"}],"version-history":[{"count":68,"href":"https:\/\/studniepituch.pl\/index.php?rest_route=\/wp\/v2\/pages\/7\/revisions"}],"predecessor-version":[{"id":148,"href":"https:\/\/studniepituch.pl\/index.php?rest_route=\/wp\/v2\/pages\/7\/revisions\/148"}],"wp:attachment":[{"href":"https:\/\/studniepituch.pl\/index.php?rest_route=%2Fwp%2Fv2%2Fmedia&parent=7"}],"curies":[{"name":"wp","href":"https:\/\/api.w.org\/{rel}","templated":true}]}}